{"id":17,"date":"2018-10-11T18:02:33","date_gmt":"2018-10-11T16:02:33","guid":{"rendered":"https:\/\/www.tmi.ee\/?page_id=17"},"modified":"2024-10-08T16:33:32","modified_gmt":"2024-10-08T14:33:32","slug":"creation-de-societe-en-europe-de-lest","status":"publish","type":"page","link":"https:\/\/www.tmi.ee\/en\/business-services\/creation-de-societe-en-europe-de-lest\/","title":{"rendered":"Cr\u00e9ation de soci\u00e9t\u00e9 en Europe de l\u2019Est"},"content":{"rendered":"<div class=\"wpb-content-wrapper\"><p>[vc_row][vc_column][vc_column_text css=&#8221;&#8221;]<\/p>\n<h2><strong>TMI specialists in \u201conshore\u201d entities<\/strong><\/h2>\n<p>&nbsp;<\/p>\n<p>Moving your company to a tax haven may seem like a perfect solution to escape the tax burden of the country you are established in. However, there are many dangers for those who build \u201coffshore\u201d companies: is it really worth it when it is possible to benefit from very favourable conditions, even identical conditions within the European Union, thanks to \u201conshore\u201d solutions?<\/p>\n<p>&nbsp;<\/p>\n<p>Did you know that depending on the country chosen and the activity, the corporate tax rates can be 0%, or 3% of your turnover, without ever exceeding the generally accepted flat rate of 16% on your profits?<\/p>\n<p>&nbsp;<\/p>\n<p>Why in this case take the risk of exotic \u201coffshore\u201d jurisdictions when the European Union brings you the same facilities with much less risk? For example:<\/p>\n<ul>\n<li style=\"list-style-type: none;\">\n<ul>\n<li>Corporate taxes of 0 to 16% depending on the country;<\/li>\n<\/ul>\n<\/li>\n<\/ul>\n<ul>\n<li style=\"list-style-type: none;\">\n<ul>\n<li>Flexible and low-cost work teams (logistics, research &amp; development&#8230;);<\/li>\n<\/ul>\n<\/li>\n<\/ul>\n<ul>\n<li style=\"list-style-type: none;\">\n<ul>\n<li>The establishment of a succession with the profits of your company through low-taxed dividends;<\/li>\n<\/ul>\n<\/li>\n<\/ul>\n<ul>\n<li style=\"list-style-type: none;\">\n<ul>\n<li>VAT exemption (intra-community area).<\/li>\n<\/ul>\n<\/li>\n<\/ul>\n<p>&nbsp;<\/p>\n<p>It is perfectly legal to establish a company abroad, pursuant to the International Hague Convention, which provides that \u201cany natural or legal person resident in the European Community has the right to establish a company in the country of his choice without having to reside there fiscally\u201d, Decree No 92-521 of 16 June 1992.<\/p>\n<p>&nbsp;<\/p>\n<p>The very low taxation of dividends and company vehicles (without limitation with respect to models or power) are also arguments that weigh in favour of \u201cOnshore\u201d against \u201cOffshore\u201d in the considerations of an entrepreneur.<\/p>\n<p>&nbsp;<\/p>\n<p><a href=\"http:\/\/www.tmi.ee\/contact\/?SERVICE=1\">Our contact form<\/a>[\/vc_column_text][\/vc_column][\/vc_row]<\/p>\n<\/div>","protected":false},"excerpt":{"rendered":"<p>[vc_row][vc_column][vc_column_text css=&#8221;&#8221;] TMI specialists in \u201conshore\u201d entities &nbsp; Moving your company to a tax haven may seem like a perfect solution to escape the tax burden<span class=\"excerpt-hellip\"> [\u2026]<\/span><\/p>\n","protected":false},"author":1,"featured_media":0,"parent":15,"menu_order":0,"comment_status":"closed","ping_status":"closed","template":"","meta":{"footnotes":""},"class_list":["post-17","page","type-page","status-publish","hentry"],"_links":{"self":[{"href":"https:\/\/www.tmi.ee\/en\/wp-json\/wp\/v2\/pages\/17"}],"collection":[{"href":"https:\/\/www.tmi.ee\/en\/wp-json\/wp\/v2\/pages"}],"about":[{"href":"https:\/\/www.tmi.ee\/en\/wp-json\/wp\/v2\/types\/page"}],"author":[{"embeddable":true,"href":"https:\/\/www.tmi.ee\/en\/wp-json\/wp\/v2\/users\/1"}],"replies":[{"embeddable":true,"href":"https:\/\/www.tmi.ee\/en\/wp-json\/wp\/v2\/comments?post=17"}],"version-history":[{"count":9,"href":"https:\/\/www.tmi.ee\/en\/wp-json\/wp\/v2\/pages\/17\/revisions"}],"predecessor-version":[{"id":563,"href":"https:\/\/www.tmi.ee\/en\/wp-json\/wp\/v2\/pages\/17\/revisions\/563"}],"up":[{"embeddable":true,"href":"https:\/\/www.tmi.ee\/en\/wp-json\/wp\/v2\/pages\/15"}],"wp:attachment":[{"href":"https:\/\/www.tmi.ee\/en\/wp-json\/wp\/v2\/media?parent=17"}],"curies":[{"name":"wp","href":"https:\/\/api.w.org\/{rel}","templated":true}]}}