{"id":17,"date":"2018-10-11T18:02:33","date_gmt":"2018-10-11T16:02:33","guid":{"rendered":"https:\/\/www.tmi.ee\/?page_id=17"},"modified":"2024-10-08T16:33:32","modified_gmt":"2024-10-08T14:33:32","slug":"creation-de-societe-en-europe-de-lest","status":"publish","type":"page","link":"https:\/\/www.tmi.ee\/fr\/business-services\/creation-de-societe-en-europe-de-lest\/","title":{"rendered":"Cr\u00e9ation de soci\u00e9t\u00e9 en Europe de l\u2019Est"},"content":{"rendered":"<div class=\"wpb-content-wrapper\"><p>[vc_row][vc_column][vc_column_text css=\u00a0\u00bb\u00a0\u00bb]<\/p>\n<h2><strong>TMI sp\u00e9cialiste des montages \u00ab\u00a0onshore\u00a0\u00bb<\/strong><\/h2>\n<p>Domicilier sa soci\u00e9t\u00e9 dans un paradis fiscal peut sembler une solution r\u00eav\u00e9e pour \u00e9chapper \u00e0 la pression fiscale de son pays de r\u00e9sidence. Cependant, les dangers sont nombreux pour les cr\u00e9ateurs de soci\u00e9t\u00e9s \u00ab offshore \u00bb : le jeu en vaut-il vraiment la chandelle quand il est possible de b\u00e9n\u00e9ficier de conditions tr\u00e8s favorables, voir identiques et cela \u00e0 l\u2019int\u00e9rieur m\u00eame de l\u2019Union Europ\u00e9enne, gr\u00e2ce \u00e0 des solutions \u00ab onshore \u00bb ?<\/p>\n<p>&nbsp;<\/p>\n<p>Savez-vous qu\u2019en fonction du pays choisi et de l\u2019activit\u00e9, les taux d\u2019imp\u00f4t sur les soci\u00e9t\u00e9s peuvent \u00eatre de 0%, ou 3% de votre chiffre d\u2019affaires et ce sans jamais d\u00e9passer le taux forfaitaire g\u00e9n\u00e9ralement admis de 16% sur vos b\u00e9n\u00e9fices ?<\/p>\n<p>&nbsp;<\/p>\n<p>Pourquoi dans ce cas prendre le risque des juridictions exotiques \u00ab offshore \u00bb quand l\u2019Union Europ\u00e9enne vous apporte les m\u00eames facilit\u00e9s avec beaucoup moins de risque ? Comme par exemple. :<\/p>\n<ul>\n<li style=\"list-style-type: none;\">\n<ul>\n<li>Des imp\u00f4ts sur les soci\u00e9t\u00e9s de 0 \u00e0 16% en fonction des pays\u00a0;<\/li>\n<\/ul>\n<\/li>\n<\/ul>\n<ul>\n<li style=\"list-style-type: none;\">\n<ul>\n<li>Des \u00e9quipes de travail flexible et \u00e0 bas co\u00fbt (Logistique, Recherche &amp; D\u00e9veloppement&#8230;)\u00a0;<\/li>\n<\/ul>\n<\/li>\n<\/ul>\n<ul>\n<li style=\"list-style-type: none;\">\n<ul>\n<li>La constitution d\\&rsquo;un patrimoine avec les b\u00e9n\u00e9fices de votre soci\u00e9t\u00e9 gr\u00e2ce \u00e0 des dividendes faiblement tax\u00e9s\u00a0;<\/li>\n<\/ul>\n<\/li>\n<\/ul>\n<ul>\n<li style=\"list-style-type: none;\">\n<ul>\n<li>L\u2019exon\u00e9ration de TVA (espace intracommunautaire).<\/li>\n<\/ul>\n<\/li>\n<\/ul>\n<p>&nbsp;<\/p>\n<p>Il est parfaitement l\u00e9gal de constituer une soci\u00e9t\u00e9 \u00e0 l\u2019\u00e9tranger, en application de la Convention Internationale de La Haye, qui pr\u00e9voit que \u201ctoute personne physique ou morale r\u00e9sidente de la Communaut\u00e9 Europ\u00e9enne a le droit de cr\u00e9er une soci\u00e9t\u00e9 dans le pays de son choix sans avoir besoin d\u2019y r\u00e9sider fiscalement\u201d, d\u00e9cret 92-521 du 16 juin 1992.<\/p>\n<p>&nbsp;<\/p>\n<p>La tr\u00e8s faible imposition des dividendes et des v\u00e9hicules de soci\u00e9t\u00e9 (sans limitation de mod\u00e8les ou de puissance) sont autant d\u2019arguments qui p\u00e8sent aussi en faveur de \u00ab l\u2019Onshore \u00bb contre \u00ab l\u2019Offshore \u00bb dans la r\u00e9flexion d\u2019un chef d\u2019entreprise.<\/p>\n<p>&nbsp;<\/p>\n<p><a href=\"http:\/\/www.tmi.ee\/contact\/?SERVICE=1\">Notre formulaire de contact<\/a>[\/vc_column_text][\/vc_column][\/vc_row]<\/p>\n<\/div>","protected":false},"excerpt":{"rendered":"<p>[vc_row][vc_column][vc_column_text css=\u00a0\u00bb\u00a0\u00bb] TMI sp\u00e9cialiste des montages \u00ab\u00a0onshore\u00a0\u00bb Domicilier sa soci\u00e9t\u00e9 dans un paradis fiscal peut sembler une solution r\u00eav\u00e9e pour \u00e9chapper \u00e0 la pression fiscale de<span class=\"excerpt-hellip\"> [\u2026]<\/span><\/p>\n","protected":false},"author":1,"featured_media":0,"parent":15,"menu_order":0,"comment_status":"closed","ping_status":"closed","template":"","meta":{"footnotes":""},"class_list":["post-17","page","type-page","status-publish","hentry"],"_links":{"self":[{"href":"https:\/\/www.tmi.ee\/fr\/wp-json\/wp\/v2\/pages\/17"}],"collection":[{"href":"https:\/\/www.tmi.ee\/fr\/wp-json\/wp\/v2\/pages"}],"about":[{"href":"https:\/\/www.tmi.ee\/fr\/wp-json\/wp\/v2\/types\/page"}],"author":[{"embeddable":true,"href":"https:\/\/www.tmi.ee\/fr\/wp-json\/wp\/v2\/users\/1"}],"replies":[{"embeddable":true,"href":"https:\/\/www.tmi.ee\/fr\/wp-json\/wp\/v2\/comments?post=17"}],"version-history":[{"count":9,"href":"https:\/\/www.tmi.ee\/fr\/wp-json\/wp\/v2\/pages\/17\/revisions"}],"predecessor-version":[{"id":563,"href":"https:\/\/www.tmi.ee\/fr\/wp-json\/wp\/v2\/pages\/17\/revisions\/563"}],"up":[{"embeddable":true,"href":"https:\/\/www.tmi.ee\/fr\/wp-json\/wp\/v2\/pages\/15"}],"wp:attachment":[{"href":"https:\/\/www.tmi.ee\/fr\/wp-json\/wp\/v2\/media?parent=17"}],"curies":[{"name":"wp","href":"https:\/\/api.w.org\/{rel}","templated":true}]}}