{"id":21,"date":"2018-10-11T18:03:33","date_gmt":"2018-10-11T16:03:33","guid":{"rendered":"https:\/\/www.tmi.ee\/?page_id=21"},"modified":"2019-02-20T19:24:55","modified_gmt":"2019-02-20T18:24:55","slug":"comptabilite","status":"publish","type":"page","link":"https:\/\/www.tmi.ee\/fr\/business-services\/comptabilite\/","title":{"rendered":"Comptabilit\u00e9"},"content":{"rendered":"<div class=\"wpb-content-wrapper\"><p>[vc_row][vc_column][vc_column_text css_animation=\u00a0\u00bbfadeInDown\u00a0\u00bb]Chez TMI, nous avons les connaissances et les ressources n\u00e9cessaires pour r\u00e9pondre \u00e0 tous vos besoins en mati\u00e8re de comptabilit\u00e9 et de fiscalit\u00e9 \u2013 que vous soyez une PME ou un groupe \u00e9tabli ayant des probl\u00e9matiques fiscales complexes.<\/p>\n<p>&nbsp;<\/p>\n<p>Nous fournissons une large gamme de services adapt\u00e9s individuellement aux diff\u00e9rents besoins de nos clients.<\/p>\n<p>&nbsp;<\/p>\n<p>Bien qu\u2019install\u00e9s dans 7 pays \u00e0 travers le monde, nos clients sont principalement bas\u00e9s en Europe.<\/p>\n<p>&nbsp;<\/p>\n<p>N\u00e9anmoins, une part croissante de notre activit\u00e9 est g\u00e9n\u00e9r\u00e9e \u00e9galement avec des clients d\u2019Am\u00e9rique du Nord souhaitant d\u00e9velopper leurs \u00e9changes avec l\u2019Europe directement \u00e0 partir de leur structure &#8211; ou indirectement gr\u00e2ce \u00e0 notre service de portage.<\/p>\n<p>&nbsp;<\/p>\n<p>&nbsp;<\/p>\n<p><a href=\"https:\/\/www.tmi.ee\/contact\/?SERVICE=3\">Notre formulaire de contact<\/a>[\/vc_column_text][\/vc_column][\/vc_row]<\/p>\n<\/div>","protected":false},"excerpt":{"rendered":"<p>[vc_row][vc_column][vc_column_text css_animation=\u00a0\u00bbfadeInDown\u00a0\u00bb]Chez TMI, nous avons les connaissances et les ressources n\u00e9cessaires pour r\u00e9pondre \u00e0 tous vos besoins en mati\u00e8re de comptabilit\u00e9 et de fiscalit\u00e9 \u2013 que<span class=\"excerpt-hellip\"> [\u2026]<\/span><\/p>\n","protected":false},"author":1,"featured_media":0,"parent":15,"menu_order":2,"comment_status":"closed","ping_status":"closed","template":"","meta":{"footnotes":""},"class_list":["post-21","page","type-page","status-publish","hentry"],"_links":{"self":[{"href":"https:\/\/www.tmi.ee\/fr\/wp-json\/wp\/v2\/pages\/21"}],"collection":[{"href":"https:\/\/www.tmi.ee\/fr\/wp-json\/wp\/v2\/pages"}],"about":[{"href":"https:\/\/www.tmi.ee\/fr\/wp-json\/wp\/v2\/types\/page"}],"author":[{"embeddable":true,"href":"https:\/\/www.tmi.ee\/fr\/wp-json\/wp\/v2\/users\/1"}],"replies":[{"embeddable":true,"href":"https:\/\/www.tmi.ee\/fr\/wp-json\/wp\/v2\/comments?post=21"}],"version-history":[{"count":0,"href":"https:\/\/www.tmi.ee\/fr\/wp-json\/wp\/v2\/pages\/21\/revisions"}],"up":[{"embeddable":true,"href":"https:\/\/www.tmi.ee\/fr\/wp-json\/wp\/v2\/pages\/15"}],"wp:attachment":[{"href":"https:\/\/www.tmi.ee\/fr\/wp-json\/wp\/v2\/media?parent=21"}],"curies":[{"name":"wp","href":"https:\/\/api.w.org\/{rel}","templated":true}]}}