{"id":261,"date":"2018-11-30T15:31:48","date_gmt":"2018-11-30T14:31:48","guid":{"rendered":"https:\/\/www.tmi.ee\/?page_id=261"},"modified":"2019-02-20T19:53:21","modified_gmt":"2019-02-20T18:53:21","slug":"immigration-visas-2","status":"publish","type":"page","link":"https:\/\/www.tmi.ee\/fr\/business-services\/immigration-visas-2\/","title":{"rendered":"Immigration d\u00e9tails (visas)"},"content":{"rendered":"<div class=\"wpb-content-wrapper\"><p>[vc_row][vc_column][vc_tta_tabs active_section=\u00a0\u00bb1&Prime; css_animation=\u00a0\u00bbnone\u00a0\u00bb][vc_tta_section title=\u00a0\u00bbUSA\u00a0\u00bb tab_id=\u00a0\u00bbvisa_usa\u00a0\u00bb][vc_column_text]<span style=\"color: #000000;\">Les mesures de s\u00e9curit\u00e9 concernant l\u2019entr\u00e9e sur le territoire am\u00e9ricain n\u2019ont cess\u00e9 de se durcir depuis le 11 septembre 2001. Tout s\u00e9jour sur le sol des USA doit \u00eatre autoris\u00e9.<\/span><\/p>\n<p>&nbsp;<\/p>\n<p><span style=\"color: #000000;\">Si vous comptez vous installer aux USA, le chemin n\u2019est pas des plus faciles\u00a0! Le droit de l\u2019immigration est strict, complexe et il \u00e9volue constamment.<\/span><\/p>\n<p>&nbsp;<\/p>\n<p><span style=\"color: #000000;\">Il existe pr\u00e8s <a href=\"https:\/\/www.tmi.ee\/annexes\/#liste_visa_USA\"><u>d\u2019une centaine de visas diff\u00e9rents.<\/u><\/a><\/span><\/p>\n<p>&nbsp;<\/p>\n<p><span style=\"color: #000000;\"><strong>\u00a0<\/strong>Le but de votre s\u00e9jour aux USA d\u00e9terminera la classe de visa dont vous avez besoin, mais lequel choisir\u00a0?<\/span><\/p>\n<p>&nbsp;<\/p>\n<p><span style=\"color: #000000;\">Nos experts TMI sont l\u00e0 pour vous aiguiller vers la meilleure solution pour vous et votre famille en fonction de votre projet et de vos qualifications.<\/span>[\/vc_column_text][\/vc_tta_section][vc_tta_section title=\u00a0\u00bbPanama\u00a0\u00bb tab_id=\u00a0\u00bbvisa_panama\u00a0\u00bb][vc_column_text]<span style=\"color: #000000;\">Le gouvernement panam\u00e9en a cr\u00e9\u00e9 plusieurs lois sur l\u2019immigration au Panama qui, selon le type visa demand\u00e9, permet assez facilement aux \u00e9trangers d\u2019obtenir un droit de r\u00e9sidence temporaire ou permanent, un permis de travail, et m\u00eame la citoyennet\u00e9 avec un passeport Panam\u00e9en. La plupart de ces lois sur l\u2019immigration ont \u00e9t\u00e9 cr\u00e9\u00e9s pour promouvoir l\u2019investissement des \u00e9trangers au Panama, dans ce petit pays qui ne connait pas la crise.<\/span><\/p>\n<p>&nbsp;<\/p>\n<p><span style=\"color: #000000;\">Huit fois plus petit que la France, le Panama poss\u00e8de l\u2019\u00e9conomie la plus dynamique d&rsquo;Am\u00e9rique centrale. Le PIB panam\u00e9en a franchi la barre des 44 milliards de dollars avec un taux de croissance de 8,5% en moyenne sur la derni\u00e8re d\u00e9cennie, tir\u00e9e par le b\u00e2timent et surtout les services, qui repr\u00e9sentent 80% du PIB.<\/span><\/p>\n<p>&nbsp;<\/p>\n<p><span style=\"color: #000000;\">Profitant de sa position g\u00e9ographique id\u00e9ale, entre les deux Am\u00e9riques et les oc\u00e9ans Pacifique et Atlantique, le Panama s\u2019est constitu\u00e9 une place financi\u00e8re d&rsquo;envergure internationale.<\/span><\/p>\n<p>&nbsp;<\/p>\n<p><span style=\"color: #000000;\">Indissociable du canal de Panama et de ses marchandises venues du monde entier, la zone libre de Colon est la 2\u00e8me plus grosse zone franche au monde apr\u00e8s Hong Kong.<\/span><\/p>\n<p>&nbsp;<\/p>\n<p><span style=\"color: #000000;\">L\u2019obtention d\u2019une seconde r\u00e9sidence au Panama est utile pour ceux qui souhaitent :<\/span><\/p>\n<ul>\n<li><span style=\"color: #000000;\">Disposer d\u2019une r\u00e9sidence secondaire dans un pays tropical disposant d\u2019une monnaie forte, stable (le dollar am\u00e9ricain) et o\u00f9 l\u2019on peut vivre paisiblement ;<\/span><\/li>\n<li><span style=\"color: #000000;\">B\u00e9n\u00e9ficier d\u2019un refuge s\u00fbr afin d\u2019\u00e9chapper \u00e0 l\u2019\u00e9ventualit\u00e9 d\u2019une guerre ou de tout autre type de troubles politiques ou civils ;<\/span><\/li>\n<li><span style=\"color: #000000;\">Prendre leur retraite dans un pays stable, o\u00f9 il est tr\u00e8s \u00e9conomique de vivre tout en conservant un mode de vie aux standards de la plupart des autres pays d\u00e9velopp\u00e9s comme les \u00c9tats-Unis, le Canada, ou l\u2019Europe.<\/span><\/li>\n<\/ul>\n<p><span style=\"color: #000000;\">Le Panama est reconnu internationalement comme \u00e9tant le pays d\u00e9livrant le plus facilement sa nationalit\u00e9. C\u2019est pourquoi l\u2019immigration au Panama est si populaire. Ce pays attire les personnes tout autour du monde qui sont int\u00e9ress\u00e9s par les visas de r\u00e9sidence permanente panam\u00e9en.<\/span><\/p>\n<p>&nbsp;<\/p>\n<p><span style=\"color: #000000;\">Le Panama offre plusieurs programmes de Visas qui peut convenir \u00e0 tout \u00e0 chacun.<\/span><\/p>\n<p>&nbsp;<\/p>\n<p><span style=\"color: #000000;\">Nos experts TMI sont l\u00e0 pour vous accompagner avec la meilleure solution pour vous et votre famille en fonction de votre projet.<\/span>[\/vc_column_text][\/vc_tta_section][vc_tta_section title=\u00a0\u00bbCanada (Hors Qu\u00e9bec)\u00a0\u00bb tab_id=\u00a0\u00bbvisa_canada\u00a0\u00bb][vc_column_text]<span style=\"color: #000000;\">5 millions de canadiens vont prendre leur retraite d\u2019ici 2035 et l\u2019indice de f\u00e9condit\u00e9 canadien ne permet pas un renouvellement des g\u00e9n\u00e9rations.<\/span><\/p>\n<p>&nbsp;<\/p>\n<p><span style=\"color: #000000;\">C\u2019est pourquoi le Canada pr\u00e9voit d\u2019accueillir environ 150 000 personnes au titre de l\u2019immigration \u00e9conomique tous les ans \u00e0 partir de 2018.<\/span><\/p>\n<p>&nbsp;<\/p>\n<p><span style=\"color: #000000;\">Il existe 3 cat\u00e9gories d\u2019immigrants recherch\u00e9es par les autorit\u00e9s canadiennes<\/span><\/p>\n<ul>\n<li><span style=\"color: #000000;\">Les travailleurs qualifi\u00e9s (TQF)\u00a0;<\/span><\/li>\n<li><span style=\"color: #000000;\">Les travailleurs des m\u00e9tiers sp\u00e9cialis\u00e9s (TMS)\u00a0;<\/span><\/li>\n<li><span style=\"color: #000000;\">Les travailleurs ayant au moins travaill\u00e9 12 mois au Canada (Exp\u00e9rience canadienne).<\/span><\/li>\n<\/ul>\n<p>&nbsp;<\/p>\n<p><span style=\"color: #000000;\">Nos experts TMI vous accompagnent dans toutes vos d\u00e9marches pour immigrer au Canada\u00a0: de l\u2019\u00e9valuation de votre candidature, \u00e0 la pr\u00e9sentation de celle-ci jusqu\u2019\u00e0 la validation de votre r\u00e9sidence permanente.<\/span>[\/vc_column_text][\/vc_tta_section][vc_tta_section title=\u00a0\u00bbQu\u00e9bec\u00a0\u00bb tab_id=\u00a0\u00bbvisa_quebec\u00a0\u00bb][vc_column_text]<span style=\"color: #000000;\">Le Qu\u00e9bec recherche des travailleurs qualifi\u00e9s dans des domaines pr\u00e9cis qu\u2019ils soient francophones ou non.<\/span><\/p>\n<p>&nbsp;<\/p>\n<p><span style=\"color: #000000;\">Entre 5 000 et 10 000 personnes\/an obtiennent un visa f\u00e9d\u00e9ral leur permettant de s\u2019installer et de travailler au Qu\u00e9bec.<\/span><\/p>\n<p>&nbsp;<\/p>\n<p><span style=\"color: #000000;\">Selon le Centre de transfert des Entreprises du Qu\u00e9bec (CTEQ), 30 000 a\u0300 60 000 entreprises qu\u00e9b\u00e9coises risquent de disparaitre d\u2019ici a\u0300 5 ans faute de rel\u00e8ve identifi\u00e9e. Il s\u2019agit de PME disposant d\u2019un chiffre d\u2019affaires moyen de 2 millions de dollars canadiens et un prix de vente moyen de 700 000 dollars canadiens. Il existe donc un programme \u00ab Immigrant entrepreneur en r\u00e9gion \u00bb depuis 2017.<\/span><\/p>\n<p>&nbsp;<\/p>\n<p><span style=\"color: #000000;\">Nos experts TMI vous accompagnent dans toutes vos d\u00e9marches pour immigrer au Qu\u00e9bec\u00a0: de l\u2019\u00e9valuation de votre demande, \u00e0 la pr\u00e9sentation de celle-ci jusqu\u2019\u00e0 l\u2019obtention de votre visa f\u00e9d\u00e9ral.<\/span>[\/vc_column_text][\/vc_tta_section][vc_tta_section title=\u00a0\u00bbEurope\u00a0\u00bb tab_id=\u00a0\u00bbvisa_europe\u00a0\u00bb][vc_column_text]<span style=\"color: #000000;\">Pour vos projets d\u2019immigration en Europe, n\u2019h\u00e9sitez pas \u00e0 nous contacter !<\/span>[\/vc_column_text][\/vc_tta_section][\/vc_tta_tabs][\/vc_column][\/vc_row][vc_row][vc_column][vc_column_text]<a href=\"https:\/\/www.tmi.ee\/contact\/?SERVICE=2\">Notre formulaire de contact<\/a>[\/vc_column_text][\/vc_column][\/vc_row]<\/p>\n<\/div>","protected":false},"excerpt":{"rendered":"<p>[vc_row][vc_column][vc_tta_tabs active_section=\u00a0\u00bb1&Prime; css_animation=\u00a0\u00bbnone\u00a0\u00bb][vc_tta_section title=\u00a0\u00bbUSA\u00a0\u00bb tab_id=\u00a0\u00bbvisa_usa\u00a0\u00bb][vc_column_text]Les mesures de s\u00e9curit\u00e9 concernant l\u2019entr\u00e9e sur le territoire am\u00e9ricain n\u2019ont cess\u00e9 de se durcir depuis le 11 septembre 2001. Tout s\u00e9jour<span class=\"excerpt-hellip\"> [\u2026]<\/span><\/p>\n","protected":false},"author":1,"featured_media":0,"parent":15,"menu_order":1,"comment_status":"closed","ping_status":"closed","template":"","meta":{"footnotes":""},"class_list":["post-261","page","type-page","status-publish","hentry"],"_links":{"self":[{"href":"https:\/\/www.tmi.ee\/fr\/wp-json\/wp\/v2\/pages\/261"}],"collection":[{"href":"https:\/\/www.tmi.ee\/fr\/wp-json\/wp\/v2\/pages"}],"about":[{"href":"https:\/\/www.tmi.ee\/fr\/wp-json\/wp\/v2\/types\/page"}],"author":[{"embeddable":true,"href":"https:\/\/www.tmi.ee\/fr\/wp-json\/wp\/v2\/users\/1"}],"replies":[{"embeddable":true,"href":"https:\/\/www.tmi.ee\/fr\/wp-json\/wp\/v2\/comments?post=261"}],"version-history":[{"count":0,"href":"https:\/\/www.tmi.ee\/fr\/wp-json\/wp\/v2\/pages\/261\/revisions"}],"up":[{"embeddable":true,"href":"https:\/\/www.tmi.ee\/fr\/wp-json\/wp\/v2\/pages\/15"}],"wp:attachment":[{"href":"https:\/\/www.tmi.ee\/fr\/wp-json\/wp\/v2\/media?parent=261"}],"curies":[{"name":"wp","href":"https:\/\/api.w.org\/{rel}","templated":true}]}}