{"id":36,"date":"2018-10-11T18:14:13","date_gmt":"2018-10-11T16:14:13","guid":{"rendered":"https:\/\/www.tmi.ee\/?page_id=36"},"modified":"2024-10-04T10:47:20","modified_gmt":"2024-10-04T08:47:20","slug":"accueil","status":"publish","type":"page","link":"https:\/\/www.tmi.ee\/fr\/","title":{"rendered":"Accueil"},"content":{"rendered":"<div class=\"wpb-content-wrapper\"><p>[vc_row full_width=\u00a0\u00bbstretch_row_content\u00a0\u00bb content_placement=\u00a0\u00bbtop\u00a0\u00bb][vc_column][vc_single_image image=\u00a0\u00bb516&Prime; img_size=\u00a0\u00bb2000&#215;720&Prime; alignment=\u00a0\u00bbcenter\u00a0\u00bb style=\u00a0\u00bbvc_box_rounded\u00a0\u00bb css_animation=\u00a0\u00bbfadeIn\u00a0\u00bb css=\u00a0\u00bb\u00a0\u00bb][\/vc_column][\/vc_row][vc_row][vc_column][vc_column_text css_animation=\u00a0\u00bbfadeInDown\u00a0\u00bb]<\/p>\n<p>Innovateurs de conseils et d&rsquo;id\u00e9es, nos experts TMI vous apportent des informations utiles, une valeur ajout\u00e9e et vous aident \u00e0 choisir des solutions qui faciliteront votre quotidien (professionnel et\/ou personnel) dans les domaines suivants :<\/p>\n<p>&nbsp;<\/p>\n<ul>\n<li>SERVICES AUX ENTREPRISES : cr\u00e9ation d&rsquo;entreprises, obtention de visas, comptabilit\u00e9 et portage commercial international ;<\/li>\n<li>IMMOBILIER : gestion immobili\u00e8re, gestion de baux \u00e0 court terme et ventes \u00e0 rachat ;<\/li>\n<li>IMMATRICULATION DES V\u00c9HICULES : V\u00e9hicules terrestres \u00e0 moteur, bateaux et yachts.<\/li>\n<\/ul>\n<p>Nos experts fournissent tous les outils dont vous avez besoin pour innover, performer \u00e0 l&rsquo;international ou m\u00eame r\u00e9ussir en cas d&rsquo;expatriation.<\/p>\n<p>&nbsp;<\/p>\n<p>TMI est pr\u00e9sent sur 7 sites \u00e0 travers le monde : Bulgarie, Estonie, Roumanie, France, Canada, USA et Panama.<\/p>\n<p>&nbsp;<\/p>\n<p>Si vous rencontrez un probl\u00e8me, nous l&rsquo;analysons ensemble et nous vous apportons la solution de mani\u00e8re transparente et simple. Ne perdez pas de temps dans des domaines pour lesquels vous n&rsquo;\u00eates pas un expert.<\/p>\n<p>&nbsp;<\/p>\n<p>Concentrez-vous sur votre projet et laissez-nous nous concentrer sur la fourniture de solutions &#8211; c&rsquo;est notre expertise.<\/p>\n<p>&nbsp;<\/p>\n<p>\u00ab\u00a0Vous en avez besoin, nous le faisons !\u00a0\u00bb Alors contactez-nous d\u00e8s aujourd&rsquo;hui.<\/p>\n<p>&nbsp;<\/p>\n<p>C&rsquo;est gratuit et sans engagement !<\/p>\n<p>&nbsp;<\/p>\n<p>Nous nous engageons \u00e0 vous r\u00e9pondre dans les 24 heures.<\/p>\n<p>&nbsp;<\/p>\n<p><a href=\"https:\/\/www.tmi.ee\/contact\/\">Notre formulaire de contact<\/a>[\/vc_column_text][\/vc_column][\/vc_row]<\/p>\n<\/div>","protected":false},"excerpt":{"rendered":"<p>[vc_row full_width=\u00a0\u00bbstretch_row_content\u00a0\u00bb content_placement=\u00a0\u00bbtop\u00a0\u00bb][vc_column][vc_single_image image=\u00a0\u00bb516&Prime; img_size=\u00a0\u00bb2000&#215;720&Prime; alignment=\u00a0\u00bbcenter\u00a0\u00bb style=\u00a0\u00bbvc_box_rounded\u00a0\u00bb css_animation=\u00a0\u00bbfadeIn\u00a0\u00bb css=\u00a0\u00bb\u00a0\u00bb][\/vc_column][\/vc_row][vc_row][vc_column][vc_column_text css_animation=\u00a0\u00bbfadeInDown\u00a0\u00bb] Innovateurs de conseils et d&rsquo;id\u00e9es, nos experts TMI vous apportent des informations utiles, une valeur ajout\u00e9e<span class=\"excerpt-hellip\"> [\u2026]<\/span><\/p>\n","protected":false},"author":1,"featured_media":0,"parent":0,"menu_order":0,"comment_status":"closed","ping_status":"closed","template":"","meta":{"footnotes":""},"class_list":["post-36","page","type-page","status-publish","hentry"],"_links":{"self":[{"href":"https:\/\/www.tmi.ee\/fr\/wp-json\/wp\/v2\/pages\/36"}],"collection":[{"href":"https:\/\/www.tmi.ee\/fr\/wp-json\/wp\/v2\/pages"}],"about":[{"href":"https:\/\/www.tmi.ee\/fr\/wp-json\/wp\/v2\/types\/page"}],"author":[{"embeddable":true,"href":"https:\/\/www.tmi.ee\/fr\/wp-json\/wp\/v2\/users\/1"}],"replies":[{"embeddable":true,"href":"https:\/\/www.tmi.ee\/fr\/wp-json\/wp\/v2\/comments?post=36"}],"version-history":[{"count":21,"href":"https:\/\/www.tmi.ee\/fr\/wp-json\/wp\/v2\/pages\/36\/revisions"}],"predecessor-version":[{"id":541,"href":"https:\/\/www.tmi.ee\/fr\/wp-json\/wp\/v2\/pages\/36\/revisions\/541"}],"wp:attachment":[{"href":"https:\/\/www.tmi.ee\/fr\/wp-json\/wp\/v2\/media?parent=36"}],"curies":[{"name":"wp","href":"https:\/\/api.w.org\/{rel}","templated":true}]}}