{"id":47,"date":"2018-10-11T18:55:18","date_gmt":"2018-10-11T16:55:18","guid":{"rendered":"https:\/\/www.tmi.ee\/?page_id=47"},"modified":"2019-02-20T19:26:36","modified_gmt":"2019-02-20T18:26:36","slug":"portage-commercial-international","status":"publish","type":"page","link":"https:\/\/www.tmi.ee\/fr\/business-services\/portage-commercial-international\/","title":{"rendered":"Portage Commercial International"},"content":{"rendered":"<div class=\"wpb-content-wrapper\"><p>[vc_row][vc_column][vc_column_text css_animation=\u00a0\u00bbfadeInDown\u00a0\u00bb]<span style=\"color: #ffffff;\">Le portage commercial international est un statut qui permet de combiner, pour le port\u00e9, la simplicit\u00e9 administrative du statut de salari\u00e9 quand il per\u00e7oit son revenu et l\u2019autonomie de l\u2019entreprenariat.<\/span><\/p>\n<p>&nbsp;<\/p>\n<p><span style=\"color: #ffffff;\">C\u2019est une relation tripartite entre une <strong>personne ind\u00e9pendante<\/strong>, une <strong>soci\u00e9t\u00e9 de portage<\/strong> (Shelter) et une <strong>soci\u00e9t\u00e9 b\u00e9n\u00e9ficiaire d\u2019une prestation<\/strong>.<\/span><\/p>\n<p>&nbsp;<\/p>\n<p><span style=\"color: #ffffff;\">Ce syst\u00e8me vous permet de travailler en totale ind\u00e9pendance et d\u2019exercer votre activit\u00e9 professionnelle en toute autonomie sans avoir besoin de cr\u00e9er de structure juridique, d\u2019\u00eatre d\u00e9charg\u00e9 de la gestion administrative et comptable li\u00e9e \u00e0 votre activit\u00e9 et de b\u00e9n\u00e9ficier d\u2019un statut \u00e0 la carte.<\/span><\/p>\n<p><span style=\"color: #ffffff;\"><strong>\u00a0<\/strong><\/span><\/p>\n<p><span style=\"color: #ffffff;\">La soci\u00e9t\u00e9 de portage a pour mission de facturer les prestations, et de reverser ensuite \u00e0 son client le revenu correspondant aux honoraires factur\u00e9s.<\/span><\/p>\n<p>&nbsp;<\/p>\n<p><span style=\"color: #ffffff;\">Les avantages de la solution de portage commercial TMI :<\/span><\/p>\n<ul>\n<li>All\u00e8gement des contraintes administratives gr\u00e2ce \u00e0 la gestion int\u00e9grale de la comptabilit\u00e9 et des frais professionnels (fourniture du bilan de fin d\u2019ann\u00e9e) ;<\/li>\n<li>Vous \u00e9vitez tout risque d\u2019isolement gr\u00e2ce au r\u00e9seau TMI. Vous aurez ainsi la possibilit\u00e9 de cr\u00e9er des liens avec nos correspondants \u00e0 l\u2019international ;<\/li>\n<li>Possibilit\u00e9 de recruter dans le cadre de la structure du personnel pour vous aider dans votre mission et augmenter votre productivit\u00e9 (nous vous aidons dans le recrutement, h\u00e9bergeons votre salari\u00e9(e) et nous nous occupons du r\u00e8glement du salaire et des charges sociales) ;<\/li>\n<li>Pas de niveau de revenu minimum pour \u00eatre \u00e9ligible ;<\/li>\n<li>Possibilit\u00e9 de portage m\u00eame pour des op\u00e9rations ponctuelles ;<\/li>\n<li>Pas d\u2019avances par votre compte personnel pour le r\u00e8glement de vos notes de frais, chaque client port\u00e9 b\u00e9n\u00e9ficie d\u2019un compte individualis\u00e9 dans notre comptabilit\u00e9 assorti d\u2019un compte bancaire s\u00e9par\u00e9 et d\u2019une carte de paiement corporate Visa\u00ae ou Mastercard\u00ae pour le r\u00e8glement direct de ses frais professionnels.<\/li>\n<\/ul>\n<p><span style=\"color: #ffffff;\">Pour les consultants intervenant dans l\u2019Union Europ\u00e9enne un portage du certificat d\u2019immatriculation du v\u00e9hicule utilis\u00e9 dans le cadre des missions est possible, sans limitation de mod\u00e8le ou de puissance (soci\u00e9t\u00e9 de location roumaine avec obligation d\u2019assurance personnelle aupr\u00e8s de notre courtier).<\/span><\/p>\n<p>&nbsp;<\/p>\n<p><a href=\"https:\/\/www.tmi.ee\/contact\/?SERVICE=4\">Notre formulaire de contact<\/a>[\/vc_column_text][\/vc_column][\/vc_row]<\/p>\n<\/div>","protected":false},"excerpt":{"rendered":"<p>[vc_row][vc_column][vc_column_text css_animation=\u00a0\u00bbfadeInDown\u00a0\u00bb]Le portage commercial international est un statut qui permet de combiner, pour le port\u00e9, la simplicit\u00e9 administrative du statut de salari\u00e9 quand il per\u00e7oit son<span class=\"excerpt-hellip\"> [\u2026]<\/span><\/p>\n","protected":false},"author":1,"featured_media":0,"parent":15,"menu_order":0,"comment_status":"closed","ping_status":"closed","template":"","meta":{"footnotes":""},"class_list":["post-47","page","type-page","status-publish","hentry"],"_links":{"self":[{"href":"https:\/\/www.tmi.ee\/fr\/wp-json\/wp\/v2\/pages\/47"}],"collection":[{"href":"https:\/\/www.tmi.ee\/fr\/wp-json\/wp\/v2\/pages"}],"about":[{"href":"https:\/\/www.tmi.ee\/fr\/wp-json\/wp\/v2\/types\/page"}],"author":[{"embeddable":true,"href":"https:\/\/www.tmi.ee\/fr\/wp-json\/wp\/v2\/users\/1"}],"replies":[{"embeddable":true,"href":"https:\/\/www.tmi.ee\/fr\/wp-json\/wp\/v2\/comments?post=47"}],"version-history":[{"count":0,"href":"https:\/\/www.tmi.ee\/fr\/wp-json\/wp\/v2\/pages\/47\/revisions"}],"up":[{"embeddable":true,"href":"https:\/\/www.tmi.ee\/fr\/wp-json\/wp\/v2\/pages\/15"}],"wp:attachment":[{"href":"https:\/\/www.tmi.ee\/fr\/wp-json\/wp\/v2\/media?parent=47"}],"curies":[{"name":"wp","href":"https:\/\/api.w.org\/{rel}","templated":true}]}}