{"id":56,"date":"2018-10-11T19:04:42","date_gmt":"2018-10-11T17:04:42","guid":{"rendered":"https:\/\/www.tmi.ee\/?page_id=56"},"modified":"2019-02-20T19:30:11","modified_gmt":"2019-02-20T18:30:11","slug":"gestion-de-baux-de-courte-duree","status":"publish","type":"page","link":"https:\/\/www.tmi.ee\/fr\/immobilier\/gestion-de-baux-de-courte-duree\/","title":{"rendered":"Gestion de baux de courte dur\u00e9e"},"content":{"rendered":"<div class=\"wpb-content-wrapper\"><p>[vc_row][vc_column][vc_column_text css_animation=\u00a0\u00bbfadeInDown\u00a0\u00bb]<span style=\"color: #ffffff;\">Vous \u00eates propri\u00e9taire \u00e0 Paris, premi\u00e8re destination au monde en terme de logement collaboratif. Vous \u00eates en vacances, en d\u00e9placement professionnel ou expatri\u00e9. En quelques clics, vous pouvez louer votre logement durant votre absence.<\/span><\/p>\n<p>&nbsp;<\/p>\n<p><span style=\"color: #ffffff;\">Nous nous occupons de tout ce qui n\u2019est pas g\u00e9r\u00e9 par les plateformes de location comme :<\/span><\/p>\n<ul>\n<li>L\u2019accueil\u00a0;<\/li>\n<li>La gestion des clefs\u00a0;<\/li>\n<li>Le m\u00e9nage\u00a0;<\/li>\n<li>Le linge de maison\u00a0;<\/li>\n<li>L\u2019assistance technique.<\/li>\n<\/ul>\n<p>&nbsp;<\/p>\n<p><span style=\"color: #ffffff;\">En plus de cette assistance sur le terrain de l\u2019arriv\u00e9e de vos locataires jusqu\u2019\u00e0 l\u2019\u00e9tat des lieux de sortie, nous fournissons une vraie prestation d\u2019administrateur de biens :<\/span><\/p>\n<ul>\n<li>Collecte des loyers pour votre compte\u00a0;<\/li>\n<li>Versement des loyers en fin de mois sur votre compte\u00a0;<\/li>\n<li>Mise \u00e0 disposition d\u2019un compte en Euros en portage avec une carte corporate VISA\u00ae ou Mastercard\u00ae\u00a0;<\/li>\n<li>Ainsi il n\u2019y a pas d\u2019avances \u00e0 faire par votre compte personnel pour le r\u00e8glement des menus r\u00e9parations rendues n\u00e9cessaires ou le remplacement de mobilier dans votre appartement, tout passe directement par votre compte de gestion\u00a0;<\/li>\n<li>Chaque propri\u00e9taire bailleur b\u00e9n\u00e9ficie ainsi d\u2019un compte individualis\u00e9 dans notre comptabilit\u00e9 assorti d\u2019un compte bancaire s\u00e9par\u00e9 et d\u2019une carte de paiement\u00a0corporate pour le r\u00e8glement direct de ses frais. (Sous r\u00e9serve d\u2019acceptation)\u00a0;<\/li>\n<li>Pr\u00e9paration des \u00e9l\u00e9ments pour vos d\u00e9clarations fonci\u00e8res \u00e0 partir des informations collect\u00e9es sur votre compte.<\/li>\n<\/ul>\n<p><a href=\"https:\/\/www.tmi.ee\/contact\/?SERVICE=7\">Notre formulaire de contact<\/a>[\/vc_column_text][\/vc_column][\/vc_row]<\/p>\n<\/div>","protected":false},"excerpt":{"rendered":"<p>[vc_row][vc_column][vc_column_text css_animation=\u00a0\u00bbfadeInDown\u00a0\u00bb]Vous \u00eates propri\u00e9taire \u00e0 Paris, premi\u00e8re destination au monde en terme de logement collaboratif. Vous \u00eates en vacances, en d\u00e9placement professionnel ou expatri\u00e9. En quelques<span class=\"excerpt-hellip\"> [\u2026]<\/span><\/p>\n","protected":false},"author":1,"featured_media":0,"parent":50,"menu_order":0,"comment_status":"closed","ping_status":"closed","template":"","meta":{"footnotes":""},"class_list":["post-56","page","type-page","status-publish","hentry"],"_links":{"self":[{"href":"https:\/\/www.tmi.ee\/fr\/wp-json\/wp\/v2\/pages\/56"}],"collection":[{"href":"https:\/\/www.tmi.ee\/fr\/wp-json\/wp\/v2\/pages"}],"about":[{"href":"https:\/\/www.tmi.ee\/fr\/wp-json\/wp\/v2\/types\/page"}],"author":[{"embeddable":true,"href":"https:\/\/www.tmi.ee\/fr\/wp-json\/wp\/v2\/users\/1"}],"replies":[{"embeddable":true,"href":"https:\/\/www.tmi.ee\/fr\/wp-json\/wp\/v2\/comments?post=56"}],"version-history":[{"count":0,"href":"https:\/\/www.tmi.ee\/fr\/wp-json\/wp\/v2\/pages\/56\/revisions"}],"up":[{"embeddable":true,"href":"https:\/\/www.tmi.ee\/fr\/wp-json\/wp\/v2\/pages\/50"}],"wp:attachment":[{"href":"https:\/\/www.tmi.ee\/fr\/wp-json\/wp\/v2\/media?parent=56"}],"curies":[{"name":"wp","href":"https:\/\/api.w.org\/{rel}","templated":true}]}}