{"id":67,"date":"2018-10-11T19:13:23","date_gmt":"2018-10-11T17:13:23","guid":{"rendered":"https:\/\/www.tmi.ee\/?page_id=67"},"modified":"2019-02-20T19:32:27","modified_gmt":"2019-02-20T18:32:27","slug":"vehicules-terrestres-a-moteur","status":"publish","type":"page","link":"https:\/\/www.tmi.ee\/fr\/immatriculation-de-vehicules\/vehicules-terrestres-a-moteur\/","title":{"rendered":"V\u00e9hicules terrestres \u00e0 moteur"},"content":{"rendered":"<div class=\"wpb-content-wrapper\"><p>[vc_row][vc_column][vc_column_text css_animation=\u00a0\u00bbfadeInDown\u00a0\u00bb]<span style=\"color: #ffffff;\">Immatriculation en Europe, uniquement pour les pays membre de l\u2019Union Europ\u00e9enne.<\/span><\/p>\n<p>&nbsp;<\/p>\n<p><span style=\"color: #ffffff;\">Vous avez besoin de faire immatriculer votre v\u00e9hicule dans un pays membre de l\u2019Union Europ\u00e9enne autre que votre pays de r\u00e9sidence, c\u2019est possible.<\/span><\/p>\n<p>&nbsp;<\/p>\n<p><span style=\"color: #ffffff;\">Apr\u00e8s avoir d\u00e9termin\u00e9 conjointement la faisabilit\u00e9 de l\u2019op\u00e9ration et sa rentabilit\u00e9 en fonction du mod\u00e8le de v\u00e9hicule et des co\u00fbts induits, l\u2019op\u00e9ration se fait en plusieurs phases :<\/span><\/p>\n<ul>\n<li>Mise en place de la structure qui va accueillir le v\u00e9hicule (si cr\u00e9ation de soci\u00e9t\u00e9) ;<\/li>\n<li>Collecte des documents et notamment du certificat de conformit\u00e9 europ\u00e9en \u00e0 obtenir aupr\u00e8s du constructeur ;<\/li>\n<li>Enl\u00e8vement par camion du v\u00e9hicule dans son pays d\u2019origine ;<\/li>\n<li>Homologation, contr\u00f4le technique et r\u00e9 immatriculation du v\u00e9hicule ;<\/li>\n<li>Obtention du certificat d\u2019immatriculation, de la carte d\u2019identit\u00e9 du v\u00e9hicule et des nouvelles plaques ;<\/li>\n<li>R\u00e9exp\u00e9dition par camion du v\u00e9hicule \u00e0 son propri\u00e9taire.<\/li>\n<\/ul>\n<p>&nbsp;<\/p>\n<p><span style=\"color: #ffffff;\">Cette proc\u00e9dure \u00e9tant assez contraignante, nous recommandons de proc\u00e9der directement \u00e0 des achats intra-communautaires par notre interm\u00e9diaire aupr\u00e8s de concessionnaires officiels de la marque de votre choix dans le pays d\u2019immatriculation du v\u00e9hicule, qui permettront selon les cas :<\/span><\/p>\n<ul>\n<li>De r\u00e9cup\u00e9rer la TVA\u00a0;<\/li>\n<li>D\u2019\u00e9viter les taxes carbones pratiqu\u00e9es dans certains \u00e9tats de l\u2019Union Europ\u00e9enne\u00a0;<\/li>\n<li>De limiter les taxes sur les v\u00e9hicules de soci\u00e9t\u00e9.<\/li>\n<\/ul>\n<p>&nbsp;<\/p>\n<p><span style=\"color: #ffffff;\">Consultez-nos experts TMI avant votre prochaine acquisition !<\/span><\/p>\n<p>&nbsp;<\/p>\n<p><a href=\"https:\/\/www.tmi.ee\/contact\/?SERVICE=9\">Notre formulaire de contact<\/a>[\/vc_column_text][\/vc_column][\/vc_row]<\/p>\n<\/div>","protected":false},"excerpt":{"rendered":"<p>[vc_row][vc_column][vc_column_text css_animation=\u00a0\u00bbfadeInDown\u00a0\u00bb]Immatriculation en Europe, uniquement pour les pays membre de l\u2019Union Europ\u00e9enne. &nbsp; Vous avez besoin de faire immatriculer votre v\u00e9hicule dans un pays membre de<span class=\"excerpt-hellip\"> [\u2026]<\/span><\/p>\n","protected":false},"author":1,"featured_media":0,"parent":65,"menu_order":0,"comment_status":"closed","ping_status":"closed","template":"","meta":{"footnotes":""},"class_list":["post-67","page","type-page","status-publish","hentry"],"_links":{"self":[{"href":"https:\/\/www.tmi.ee\/fr\/wp-json\/wp\/v2\/pages\/67"}],"collection":[{"href":"https:\/\/www.tmi.ee\/fr\/wp-json\/wp\/v2\/pages"}],"about":[{"href":"https:\/\/www.tmi.ee\/fr\/wp-json\/wp\/v2\/types\/page"}],"author":[{"embeddable":true,"href":"https:\/\/www.tmi.ee\/fr\/wp-json\/wp\/v2\/users\/1"}],"replies":[{"embeddable":true,"href":"https:\/\/www.tmi.ee\/fr\/wp-json\/wp\/v2\/comments?post=67"}],"version-history":[{"count":0,"href":"https:\/\/www.tmi.ee\/fr\/wp-json\/wp\/v2\/pages\/67\/revisions"}],"up":[{"embeddable":true,"href":"https:\/\/www.tmi.ee\/fr\/wp-json\/wp\/v2\/pages\/65"}],"wp:attachment":[{"href":"https:\/\/www.tmi.ee\/fr\/wp-json\/wp\/v2\/media?parent=67"}],"curies":[{"name":"wp","href":"https:\/\/api.w.org\/{rel}","templated":true}]}}