{"id":87,"date":"2018-10-13T09:41:12","date_gmt":"2018-10-13T07:41:12","guid":{"rendered":"https:\/\/www.tmi.ee\/?page_id=87"},"modified":"2019-04-02T18:36:03","modified_gmt":"2019-04-02T16:36:03","slug":"mentions-legales","status":"publish","type":"page","link":"https:\/\/www.tmi.ee\/fr\/mentions-legales\/","title":{"rendered":"Mentions l\u00e9gales"},"content":{"rendered":"<div class=\"wpb-content-wrapper\"><p>[vc_row][vc_column][vc_column_text]<\/p>\n<h1 style=\"font-size: 25px; color: #2276bc;\">Mentions l\u00e9gales<\/h1>\n<p>The Mobility Institute Osa\u00fching (TMI) &#8211; P\u00e4rnu mnt 139D \u2013 III korus, 11317 Tallinn \u2013 Estonie<\/p>\n<p>&nbsp;<\/p>\n<p>Nom de domaine : <a href=\"https:\/\/www.tmi.ee\">https:\/\/www.tmi.ee<\/a><\/p>\n<p>&nbsp;<\/p>\n<p>Immatricul\u00e9e en Estonie sous le num\u00e9ro 1 4 2 2 8 5 6 3<\/p>\n<p>&nbsp;<\/p>\n<p>Montant du capital social : 200\u20ac<\/p>\n<p>&nbsp;<\/p>\n<p>E-mail : <a href=\"mailto:contact@tmi.ee\">contact@tmi.ee<\/a><\/p>\n<p>&nbsp;<\/p>\n<p>Prestataire d\u2019h\u00e9bergement AMALEA SARL \u2013 26 rue Damr\u00e9mont \u2013 75018 Paris France <a href=\"https:\/\/www.amalea.com\" target=\"_blank\" rel=\"noopener\">https:\/\/www.amalea.com<\/a><\/p>\n<p>&nbsp;<\/p>\n<p>Vous disposez d&rsquo;un droit d&rsquo;acc\u00e8s, de modification, de rectification et de suppression des donn\u00e9es qui vous concernent.<\/p>\n<p>&nbsp;<\/p>\n<p>Pour l&rsquo;exercer, adressez-vous \u00e0 :<\/p>\n<p>The Mobility Institute Osa\u00fching (TMI) &#8211; <span style=\"font-family: arial, helvetica, sans-serif;\">P\u00e4rnu mnt 139D \u2013 III korus, 11317 Tallinn \u2013 Estonie<\/span> ou par e-mail : <a href=\"mailto:contact@tmi.ee\">contact@tmi.ee<\/a><\/p>\n<p>[\/vc_column_text][\/vc_column][\/vc_row]<\/p>\n<\/div>","protected":false},"excerpt":{"rendered":"<p>[vc_row][vc_column][vc_column_text] Mentions l\u00e9gales The Mobility Institute Osa\u00fching (TMI) &#8211; P\u00e4rnu mnt 139D \u2013 III korus, 11317 Tallinn \u2013 Estonie &nbsp; Nom de domaine : https:\/\/www.tmi.ee &nbsp;<span class=\"excerpt-hellip\"> [\u2026]<\/span><\/p>\n","protected":false},"author":1,"featured_media":0,"parent":0,"menu_order":0,"comment_status":"closed","ping_status":"closed","template":"","meta":{"footnotes":""},"class_list":["post-87","page","type-page","status-publish","hentry"],"_links":{"self":[{"href":"https:\/\/www.tmi.ee\/fr\/wp-json\/wp\/v2\/pages\/87"}],"collection":[{"href":"https:\/\/www.tmi.ee\/fr\/wp-json\/wp\/v2\/pages"}],"about":[{"href":"https:\/\/www.tmi.ee\/fr\/wp-json\/wp\/v2\/types\/page"}],"author":[{"embeddable":true,"href":"https:\/\/www.tmi.ee\/fr\/wp-json\/wp\/v2\/users\/1"}],"replies":[{"embeddable":true,"href":"https:\/\/www.tmi.ee\/fr\/wp-json\/wp\/v2\/comments?post=87"}],"version-history":[{"count":0,"href":"https:\/\/www.tmi.ee\/fr\/wp-json\/wp\/v2\/pages\/87\/revisions"}],"wp:attachment":[{"href":"https:\/\/www.tmi.ee\/fr\/wp-json\/wp\/v2\/media?parent=87"}],"curies":[{"name":"wp","href":"https:\/\/api.w.org\/{rel}","templated":true}]}}