{"id":89,"date":"2018-10-13T09:41:52","date_gmt":"2018-10-13T07:41:52","guid":{"rendered":"https:\/\/www.tmi.ee\/?page_id=89"},"modified":"2019-04-02T18:39:58","modified_gmt":"2019-04-02T16:39:58","slug":"politique-de-confidentialite-2","status":"publish","type":"page","link":"https:\/\/www.tmi.ee\/fr\/politique-de-confidentialite-2\/","title":{"rendered":"Politique de confidentialit\u00e9 et de traitement des donn\u00e9es personnelles"},"content":{"rendered":"<div class=\"wpb-content-wrapper\"><p>[vc_row][vc_column][vc_column_text]<\/p>\n<h1 style=\"font-size: 25px; color: #2276bc;\">Politique de confidentialit\u00e9 et de traitement des donn\u00e9es personnelles<\/h1>\n<p>&nbsp;<\/p>\n<p>The Mobility Institute Osa\u00fching (TMI), soucieux des droits des individus, notamment au regard des traitements automatis\u00e9s, et dans une volont\u00e9 de transparence avec ses clients, a mis en place une politique reprenant l\u2019ensemble de ces traitements, des finalit\u00e9s poursuivies par ces derniers ainsi que des moyens d\u2019actions \u00e0 la disposition des individus afin qu\u2019ils puissent au mieux exercer leurs droits.<\/p>\n<p>&nbsp;<\/p>\n<h3 style=\"font-size: 20px; color: #2276bc;\">1. Responsable du traitement<\/h3>\n<p>Vos donn\u00e9es sont collect\u00e9es par\u00a0la soci\u00e9t\u00e9 The Mobility Institute Osa\u00fching (TMI) &#8211; <span style=\"font-family: arial, helvetica, sans-serif;\">P\u00e4rnu mnt 139D \u2013 III korus, 11317 Tallinn \u2013 Estonie<\/span><br \/>\nEnregistr\u00e9e en Estonie sous le num\u00e9ro 1 4 2 2 8 5 6 3<br \/>\nN\u00b0 de TVA intracommunautaire : EE101958530<\/p>\n<p>\u201cLe site TMI\u201d d\u00e9signe le site suivant\u00a0: <a href=\"https:\/\/www.tmi.ee\">https:\/\/www.tmi.ee<\/a><\/p>\n<p>Une donn\u00e9e \u00e0 caract\u00e8re personnel d\u00e9signe toute information concernant une personne physique identifi\u00e9e ou identifiable (personne concern\u00e9e); est r\u00e9put\u00e9e identifiable une personne qui peut \u00eatre identifi\u00e9e, directement ou indirectement, notamment par r\u00e9f\u00e9rence \u00e0 un num\u00e9ro d&rsquo;identification ou \u00e0 un ou plusieurs \u00e9l\u00e9ments sp\u00e9cifiques, propres \u00e0 son identit\u00e9 physique, physiologique, psychique, \u00e9conomique, culturelle ou sociale.<\/p>\n<p>&nbsp;<\/p>\n<h3 style=\"font-size: 20px; color: #2276bc;\">2. Identification des donn\u00e9es collect\u00e9es, finalit\u00e9 et exploitation des donn\u00e9es trait\u00e9es<\/h3>\n<p>Afin d\u2019assurer ces engagements contractuels vis-\u00e0-vis de ses clients, The Mobility Institute Osa\u00fching (TMI) collecte les donn\u00e9es n\u00e9cessaires \u00e0 la mise en \u0153uvre de ses prestations.<\/p>\n<p>Ces donn\u00e9es sont collect\u00e9es lorsque le client\u00a0:<\/p>\n<ul>\n<li style=\"color: #ffffff !important;\"><span style=\"color: #ffffff;\">effectue une demande de renseignement sur le site de The Mobility Institute Osa\u00fching (TMI)\u00a0;<\/span><\/li>\n<li style=\"color: #ffffff !important;\"><span style=\"color: #ffffff;\">effectue une demande de prestation de service aupr\u00e8s de The Mobility Institute Osa\u00fching (TMI)\u00a0;<\/span><\/li>\n<li style=\"color: #ffffff !important;\"><span style=\"color: #ffffff;\">navigue sur le site de The Mobility Institute Osa\u00fching (TMI) et\/ou consulte les services propos\u00e9s par The Mobility Institute Osa\u00fching (TMI)\u00a0;<\/span><\/li>\n<li style=\"color: #ffffff !important;\"><span style=\"color: #ffffff;\">participe \u00e0 un jeu ou un concours\u00a0;<\/span><\/li>\n<li style=\"color: #ffffff !important;\"><span style=\"color: #ffffff;\">contacte le service client.<\/span><\/li>\n<\/ul>\n<p>Afin de mieux appr\u00e9hender les traitements de donn\u00e9es effectu\u00e9s par The Mobility Institute Osa\u00fching (TMI), nous vous invitons \u00e0 prendre connaissances des informations ci-dessous :<\/p>\n<table style=\"border: 2px #fff solid;\">\n<tbody>\n<tr style=\"border: 1px #fff solid;\">\n<td style=\"border: 1px #fff solid; text-align: left;\"><strong>FINALIT\u00c9 DE TRAITEMENT<\/strong><\/td>\n<td style=\"border: 1px #fff solid; text-align: left;\"><strong>TYPE DE DONN\u00c9ES<\/strong><\/td>\n<\/tr>\n<tr style=\"border: 1px #fff solid;\">\n<td style=\"border: 1px #fff solid; text-align: left;\"><strong>Gestion des Newsletters <\/strong><\/p>\n<p><strong>et des abonnements gratuits<\/strong><\/p>\n<p><strong>Informations sur les produits, <\/strong><\/p>\n<p><strong>services et offres promotionnelles <\/strong><\/p>\n<p><strong>\u00e9ventuelles<\/strong><\/td>\n<td style=\"text-align: left;\">Civilit\u00e9<\/p>\n<p>Nom<\/p>\n<p>Pr\u00e9nom(s)<\/p>\n<p>Adresse<\/p>\n<p>Num\u00e9ros de t\u00e9l\u00e9phone fixe<\/p>\n<p>Num\u00e9ro de t\u00e9l\u00e9phone mobile<\/p>\n<p>Adresse de courrier \u00e9lectronique<\/p>\n<p>Date de naissance<\/p>\n<p>Code interne de traitement permettant l\u2019identification du client<\/p>\n<p>Adresse IP<\/p>\n<p>Donn\u00e9es relatives aux moyens de paiement\u00a0: relev\u00e9<\/p>\n<p>d\u2019identit\u00e9 postale ou bancaire, num\u00e9ro de ch\u00e8que et\/ ou de carte bancaire,<\/p>\n<p>date d\u2019expiration de la carte bancaire<\/p>\n<p>Donn\u00e9es relatives aux transactions\u00a0: num\u00e9ro de transaction,<\/p>\n<p>d\u00e9tail du service souscrit<\/p>\n<p>Demandes de documentation, services souscrits, quantit\u00e9, montant,<\/p>\n<p>p\u00e9riodicit\u00e9, adresse de livraison, historique de relation contractuelle,<\/p>\n<p>origine de la vente ou de la commande, correspondances avec le client,<\/p>\n<p>commentaires des clients et prospects,<\/p>\n<p>identit\u00e9 des personnes en charge de la relation client<\/td>\n<\/tr>\n<\/tbody>\n<\/table>\n<p>&nbsp;<\/p>\n<p>Nous n&rsquo;utiliserons jamais votre num\u00e9ro de t\u00e9l\u00e9phone \u00e0 des fins de prospection commerciale, votre num\u00e9ro nous sert exclusivement \u00e0 vous contacter dans le cadre de nos prestations de service.<\/p>\n<p>&nbsp;<\/p>\n<h3 style=\"font-size: 20px; color: #2276bc;\">3. H\u00e9bergement des Donn\u00e9es<\/h3>\n<p>L\u2019ensemble des donn\u00e9es collect\u00e9es et trait\u00e9es par The Mobility Institute Osa\u00fching (TMI) est h\u00e9berg\u00e9 au sein de l\u2019Union Europ\u00e9enne.<\/p>\n<p>Toutefois, dans le cas o\u00f9 l\u2019un des sous-traitant de The Mobility Institute Osa\u00fching (TMI) se situe hors Union Europ\u00e9enne, The Mobility Institute Osa\u00fching (TMI), en sa qualit\u00e9 de responsable de traitement, mettra en place toutes les mesures n\u00e9cessaires afin d\u2019assurer la s\u00e9curit\u00e9 des donn\u00e9es de ses clients.<\/p>\n<p>Si vous souhaitez conna\u00eetre les lieux de destination de vos donn\u00e9es (hors Union Europ\u00e9enne), nous vous invitons \u00e0 nous contacter \u00e0 l\u2019adresse\u00a0: The Mobility Institute Osa\u00fching (TMI) &#8211; <span style=\"font-family: arial, helvetica, sans-serif;\">P\u00e4rnu mnt 139D \u2013 III korus, 11317 Tallinn \u2013 Estonie<\/span> ou par e-mail\u00a0: <a href=\"mailto:contact@tmi.ee\">contact@tmi.ee<\/a><\/p>\n<p>&nbsp;<\/p>\n<h3 style=\"font-size: 20px; color: #2276bc;\">4. Destination des donn\u00e9es collect\u00e9es<\/h3>\n<p>Les donn\u00e9es collect\u00e9es peuvent \u00eatre transmises \u00e0 l\u2019ensemble des succursales de la soci\u00e9t\u00e9<\/p>\n<p>The Mobility Institute Osa\u00fching (TMI), une soci\u00e9t\u00e9 de droit estonien enregistr\u00e9e sous le num\u00e9ro 1 4 2 2 8 5 6 3 dont le si\u00e8ge est sis <span style=\"font-family: arial, helvetica, sans-serif;\">P\u00e4rnu mnt 139D \u2013 III korus, 11317 Tallinn \u2013 Estonie<\/span> ainsi qu&rsquo;\u00e0 ses sous-traitants \u00e9ventuels. Ces donn\u00e9es collect\u00e9es pourront \u00e9galement \u00eatre transmises \u00e0 des tiers d\u00e8s lors que cette transmission sera rendue indispensable \u00e0 la r\u00e9alisation du potentiel contrat vous liant \u00e0 The Mobility Institute Osa\u00fching (TMI).<\/p>\n<p>&nbsp;<\/p>\n<h3 style=\"font-size: 20px; color: #2276bc;\">5. Dur\u00e9e de conservation des donn\u00e9es<\/h3>\n<p>Les donn\u00e9es sont conserv\u00e9es et utilis\u00e9es pour une dur\u00e9e conforme \u00e0 la l\u00e9gislation europ\u00e9enne en vigueur.<\/p>\n<p>&nbsp;<\/p>\n<h3 style=\"font-size: 20px; color: #2276bc;\">6. Droit d\u2019acc\u00e8s et de rectification de vos donn\u00e9es<\/h3>\n<p>Chaque personne dispose d\u2019un droit d\u2019acc\u00e8s, de rectification et d\u2019opposition \u00e0 ses donn\u00e9es personnelles.<\/p>\n<p>Vous pouvez exercer ce droit en nous contactant, \u00e0 l\u2019adresse suivante\u00a0:<\/p>\n<p>The Mobility Institute Osa\u00fching (TMI) &#8211; <span style=\"font-family: arial, helvetica, sans-serif;\">P\u00e4rnu mnt 139D \u2013 III korus, 11317 Tallinn \u2013 Estonie<\/span><\/p>\n<p>ou par email : <a href=\"mailto:contact@tmi.ee\">contact@tmi.ee<\/a><\/p>\n<p>Toute demande doit \u00eatre accompagn\u00e9e de la photocopie d\u2019un titre d\u2019identit\u00e9 en cours de validit\u00e9 sign\u00e9 et faire mention de l\u2019adresse \u00e0 laquelle The Mobility Institute Osa\u00fching (TMI) pourra contacter le demandeur.<\/p>\n<p>La r\u00e9ponse sera adress\u00e9e dans le mois suivant la r\u00e9ception de la demande.<\/p>\n<p>Chaque personne dispose d\u2019un droit \u00e0 la portabilit\u00e9 des donn\u00e9es personnelles qu\u2019elle a transmise au responsable de traitement. Ce droit s\u2019applique dans les m\u00eames conditions que le droit d\u2019acc\u00e8s et de rectification.<\/p>\n<p>&nbsp;<\/p>\n<h3 style=\"font-size: 20px; color: #2276bc;\">7. Utilisation des \u00ab\u00a0cookies\u00a0\u00bb<\/h3>\n<p>Quand vous consultez et naviguez sur le site The Mobility Institute Osa\u00fching (TMI), des cookies sont d\u00e9pos\u00e9s sur votre ordinateur, votre mobile ou votre tablette. La soci\u00e9t\u00e9 The Mobility Institute Osa\u00fching (TMI) utilise les cookies pour vous identifier, g\u00e9rer votre identification \u00e0 votre compte et vous permettre d\u2019utiliser notre site dans les meilleures conditions.<\/p>\n<p>&nbsp;<\/p>\n<p>Nous utilisons \u00e9galement des cookies issus de logiciels tiers comme par exemple notre outil de suivi de statistiques Google Analytics. Google Analytics est un partenaire qui intervient pour le suivi des statistiques du site internet TMI. Il peut \u00eatre amen\u00e9 \u00e0 d\u00e9poser \u00e9galement des cookies sur votre navigateur. Ces cookies sont alors utilis\u00e9s exclusivement pour le recueil d\u2019informations non nominatives relatives aux prestations que nous leur confions. Ces informations peuvent \u00eatre par exemple relatives aux pages visit\u00e9es. Ces cookies peuvent alors servir \u00e0 personnaliser des publicit\u00e9s qui vous sont adress\u00e9es sur notre site ou des sites partenaires.<\/p>\n<p>Dans tous les cas de figure, les donn\u00e9es collect\u00e9es au travers de ces cookies, le sont exclusivement pour les besoins de notre site.<\/p>\n<p>Lors de la premi\u00e8re navigation sur le site The Mobility Institute Osa\u00fching (TMI), une banni\u00e8re explicative sur l\u2019utilisation des \u00ab\u00a0cookies\u00a0\u00bb appara\u00eetra. D\u00e8s lors, en poursuivant la navigation, le client et\/ou prospect sera r\u00e9put\u00e9 inform\u00e9 et avoir accept\u00e9 l\u2019utilisation desdits \u00ab\u00a0cookies\u00a0\u00bb.<\/p>\n<p>Le consentement donn\u00e9 sera valable pour une p\u00e9riode de treize (13) mois.<\/p>\n<p>&nbsp;<\/p>\n<p>[\/vc_column_text][\/vc_column][\/vc_row]<\/p>\n<\/div>","protected":false},"excerpt":{"rendered":"<p>[vc_row][vc_column][vc_column_text] Politique de confidentialit\u00e9 et de traitement des donn\u00e9es personnelles &nbsp; The Mobility Institute Osa\u00fching (TMI), soucieux des droits des individus, notamment au regard des traitements<span class=\"excerpt-hellip\"> [\u2026]<\/span><\/p>\n","protected":false},"author":1,"featured_media":0,"parent":0,"menu_order":0,"comment_status":"closed","ping_status":"closed","template":"","meta":{"footnotes":""},"class_list":["post-89","page","type-page","status-publish","hentry"],"_links":{"self":[{"href":"https:\/\/www.tmi.ee\/fr\/wp-json\/wp\/v2\/pages\/89"}],"collection":[{"href":"https:\/\/www.tmi.ee\/fr\/wp-json\/wp\/v2\/pages"}],"about":[{"href":"https:\/\/www.tmi.ee\/fr\/wp-json\/wp\/v2\/types\/page"}],"author":[{"embeddable":true,"href":"https:\/\/www.tmi.ee\/fr\/wp-json\/wp\/v2\/users\/1"}],"replies":[{"embeddable":true,"href":"https:\/\/www.tmi.ee\/fr\/wp-json\/wp\/v2\/comments?post=89"}],"version-history":[{"count":0,"href":"https:\/\/www.tmi.ee\/fr\/wp-json\/wp\/v2\/pages\/89\/revisions"}],"wp:attachment":[{"href":"https:\/\/www.tmi.ee\/fr\/wp-json\/wp\/v2\/media?parent=89"}],"curies":[{"name":"wp","href":"https:\/\/api.w.org\/{rel}","templated":true}]}}